{"id":748,"date":"2023-11-06T19:53:07","date_gmt":"2023-11-06T19:53:07","guid":{"rendered":"https:\/\/apus.uno\/?page_id=748"},"modified":"2023-11-06T19:53:07","modified_gmt":"2023-11-06T19:53:07","slug":"suscribete-2","status":"publish","type":"page","link":"https:\/\/apus.uno\/index.php\/suscribete-2\/","title":{"rendered":"suscribete"},"content":{"rendered":"<style id=\"wpforms-css-vars-745\">\n\t\t\t\t#wpforms-745 {\n\t\t\t\t\n\t\t\t}\n\t\t\t<\/style><div class=\"wpforms-container wpforms-container-full wpforms-render-modern\" id=\"wpforms-745\"><form id=\"wpforms-form-745\" class=\"wpforms-validate wpforms-form wpforms-ajax-form\" data-formid=\"745\" method=\"post\" enctype=\"multipart\/form-data\" action=\"\/index.php\/wp-json\/wp\/v2\/pages\/748\" data-token=\"5596c826c8a17750a62813b862f27806\" data-token-time=\"1776772534\"><noscript class=\"wpforms-error-noscript\">Por favor, activa JavaScript en tu navegador para completar este formulario.<\/noscript><div id=\"wpforms-error-noscript\" style=\"display: none;\">Por favor, activa JavaScript en tu navegador para completar este formulario.<\/div><div class=\"wpforms-field-container\"><div id=\"wpforms-745-field_1-container\" class=\"wpforms-field wpforms-field-name\" data-field-id=\"1\"><fieldset><legend class=\"wpforms-field-label\">Name <span class=\"wpforms-required-label\" aria-hidden=\"true\">*<\/span><\/legend><div class=\"wpforms-field-row wpforms-field-medium\"><div class=\"wpforms-field-row-block wpforms-first wpforms-one-half\"><input type=\"text\" id=\"wpforms-745-field_1\" class=\"wpforms-field-name-first wpforms-field-required\" name=\"wpforms[fields][1][first]\" aria-errormessage=\"wpforms-745-field_1-error\" required><label for=\"wpforms-745-field_1\" class=\"wpforms-field-sublabel after\">Nombre<\/label><\/div><div class=\"wpforms-field-row-block wpforms-one-half\"><input type=\"text\" id=\"wpforms-745-field_1-last\" class=\"wpforms-field-name-last wpforms-field-required\" name=\"wpforms[fields][1][last]\" aria-errormessage=\"wpforms-745-field_1-last-error\" required><label for=\"wpforms-745-field_1-last\" class=\"wpforms-field-sublabel after\">Apellidos<\/label><\/div><\/div><\/fieldset><\/div><div id=\"wpforms-745-field_2-container\" class=\"wpforms-field wpforms-field-email\" data-field-id=\"2\"><label class=\"wpforms-field-label\" for=\"wpforms-745-field_2\">Email <span class=\"wpforms-required-label\" aria-hidden=\"true\">*<\/span><\/label><input type=\"email\" id=\"wpforms-745-field_2\" class=\"wpforms-field-medium wpforms-field-required\" name=\"wpforms[fields][2]\" spellcheck=\"false\" aria-errormessage=\"wpforms-745-field_2-error\" required><\/div><div id=\"wpforms-745-field_3-container\" class=\"wpforms-field wpforms-field-gdpr-checkbox\" data-field-id=\"3\"><label class=\"wpforms-field-label\">Acuerdo RGPD <span class=\"wpforms-required-label\" aria-hidden=\"true\">*<\/span><\/label><ul id=\"wpforms-745-field_3\" class=\"wpforms-field-required\"><li class=\"choice-1\"><input type=\"checkbox\" id=\"wpforms-745-field_3_1\" name=\"wpforms[fields][3][]\" value=\"Doy mi consentimiento para que esta web almacene la informaci\u00f3n que env\u00edo para que puedan responder a mi petici\u00f3n.\" aria-errormessage=\"wpforms-745-field_3_1-error\" required ><label class=\"wpforms-field-label-inline\" for=\"wpforms-745-field_3_1\">Doy mi consentimiento para que esta web almacene la informaci\u00f3n que env\u00edo para que puedan responder a mi petici\u00f3n.<\/label><\/li><\/ul><\/div><\/div><!-- .wpforms-field-container --><div class=\"wpforms-submit-container\" ><input type=\"hidden\" name=\"wpforms[id]\" value=\"745\"><input type=\"hidden\" name=\"page_title\" value=\"\"><input type=\"hidden\" name=\"page_url\" value=\"https:\/\/apus.uno\/index.php\/wp-json\/wp\/v2\/pages\/748\"><input type=\"hidden\" name=\"url_referer\" value=\"\"><button type=\"submit\" name=\"wpforms[submit]\" id=\"wpforms-submit-745\" class=\"wpforms-submit\" data-alt-text=\"Sending...\" data-submit-text=\"Submit\" aria-live=\"assertive\" value=\"wpforms-submit\">Submit<\/button><img loading=\"lazy\" decoding=\"async\" src=\"https:\/\/apus.uno\/wp-content\/plugins\/wpforms-lite\/assets\/images\/submit-spin.svg\" class=\"wpforms-submit-spinner\" style=\"display: none;\" width=\"26\" height=\"26\" alt=\"Cargando\"><\/div><\/form><\/div>  <!-- .wpforms-container -->\n","protected":false},"excerpt":{"rendered":"Por favor, activa JavaScript en tu navegador para completar este formulario.Por favor, activa JavaScript en tu navegador para completar este formulario.Name *NombreApellidosEmail *Acuerdo RGPD *Doy mi consentimiento para que esta web almacene la informaci\u00f3n que env\u00edo para que puedan responder a mi petici\u00f3n.Submit","protected":false},"author":1,"featured_media":0,"parent":0,"menu_order":0,"comment_status":"closed","ping_status":"closed","template":"","meta":{"jetpack_post_was_ever_published":false,"tdm_status":"","tdm_grid_status":"","footnotes":""},"class_list":["post-748","page","type-page","status-publish"],"yoast_head":"<!-- This site is optimized with the Yoast SEO plugin v27.4 - https:\/\/yoast.com\/product\/yoast-seo-wordpress\/ -->\n<title>suscribete - APUS ASESORES<\/title>\n<meta name=\"robots\" content=\"index, follow, max-snippet:-1, max-image-preview:large, max-video-preview:-1\" \/>\n<link rel=\"canonical\" href=\"https:\/\/apus.uno\/index.php\/suscribete-2\/\" \/>\n<meta property=\"og:locale\" content=\"es_ES\" \/>\n<meta property=\"og:type\" content=\"article\" \/>\n<meta property=\"og:title\" content=\"suscribete - APUS ASESORES\" \/>\n<meta property=\"og:url\" content=\"https:\/\/apus.uno\/index.php\/suscribete-2\/\" \/>\n<meta property=\"og:site_name\" content=\"APUS ASESORES\" \/>\n<meta name=\"twitter:card\" content=\"summary_large_image\" \/>\n<script type=\"application\/ld+json\" class=\"yoast-schema-graph\">{\"@context\":\"https:\\\/\\\/schema.org\",\"@graph\":[{\"@type\":\"WebPage\",\"@id\":\"https:\\\/\\\/apus.uno\\\/index.php\\\/suscribete-2\\\/\",\"url\":\"https:\\\/\\\/apus.uno\\\/index.php\\\/suscribete-2\\\/\",\"name\":\"suscribete - APUS ASESORES\",\"isPartOf\":{\"@id\":\"https:\\\/\\\/apus.uno\\\/#website\"},\"datePublished\":\"2023-11-06T19:53:07+00:00\",\"breadcrumb\":{\"@id\":\"https:\\\/\\\/apus.uno\\\/index.php\\\/suscribete-2\\\/#breadcrumb\"},\"inLanguage\":\"es\",\"potentialAction\":[{\"@type\":\"ReadAction\",\"target\":[\"https:\\\/\\\/apus.uno\\\/index.php\\\/suscribete-2\\\/\"]}]},{\"@type\":\"BreadcrumbList\",\"@id\":\"https:\\\/\\\/apus.uno\\\/index.php\\\/suscribete-2\\\/#breadcrumb\",\"itemListElement\":[{\"@type\":\"ListItem\",\"position\":1,\"name\":\"Portada\",\"item\":\"https:\\\/\\\/apus.uno\\\/\"},{\"@type\":\"ListItem\",\"position\":2,\"name\":\"suscribete\"}]},{\"@type\":\"WebSite\",\"@id\":\"https:\\\/\\\/apus.uno\\\/#website\",\"url\":\"https:\\\/\\\/apus.uno\\\/\",\"name\":\"APUS ASESORES\",\"description\":\"\",\"publisher\":{\"@id\":\"https:\\\/\\\/apus.uno\\\/#organization\"},\"potentialAction\":[{\"@type\":\"SearchAction\",\"target\":{\"@type\":\"EntryPoint\",\"urlTemplate\":\"https:\\\/\\\/apus.uno\\\/?s={search_term_string}\"},\"query-input\":{\"@type\":\"PropertyValueSpecification\",\"valueRequired\":true,\"valueName\":\"search_term_string\"}}],\"inLanguage\":\"es\"},{\"@type\":\"Organization\",\"@id\":\"https:\\\/\\\/apus.uno\\\/#organization\",\"name\":\"APUS ASESORES\",\"url\":\"https:\\\/\\\/apus.uno\\\/\",\"logo\":{\"@type\":\"ImageObject\",\"inLanguage\":\"es\",\"@id\":\"https:\\\/\\\/apus.uno\\\/#\\\/schema\\\/logo\\\/image\\\/\",\"url\":\"https:\\\/\\\/i0.wp.com\\\/apus.uno\\\/wp-content\\\/uploads\\\/2022\\\/01\\\/cropped-Apus-asesores-logo.jpg?fit=89%2C49&ssl=1\",\"contentUrl\":\"https:\\\/\\\/i0.wp.com\\\/apus.uno\\\/wp-content\\\/uploads\\\/2022\\\/01\\\/cropped-Apus-asesores-logo.jpg?fit=89%2C49&ssl=1\",\"width\":89,\"height\":49,\"caption\":\"APUS ASESORES\"},\"image\":{\"@id\":\"https:\\\/\\\/apus.uno\\\/#\\\/schema\\\/logo\\\/image\\\/\"}}]}<\/script>\n<!-- \/ Yoast SEO plugin. -->","yoast_head_json":{"title":"suscribete - APUS ASESORES","robots":{"index":"index","follow":"follow","max-snippet":"max-snippet:-1","max-image-preview":"max-image-preview:large","max-video-preview":"max-video-preview:-1"},"canonical":"https:\/\/apus.uno\/index.php\/suscribete-2\/","og_locale":"es_ES","og_type":"article","og_title":"suscribete - APUS ASESORES","og_url":"https:\/\/apus.uno\/index.php\/suscribete-2\/","og_site_name":"APUS ASESORES","twitter_card":"summary_large_image","schema":{"@context":"https:\/\/schema.org","@graph":[{"@type":"WebPage","@id":"https:\/\/apus.uno\/index.php\/suscribete-2\/","url":"https:\/\/apus.uno\/index.php\/suscribete-2\/","name":"suscribete - APUS ASESORES","isPartOf":{"@id":"https:\/\/apus.uno\/#website"},"datePublished":"2023-11-06T19:53:07+00:00","breadcrumb":{"@id":"https:\/\/apus.uno\/index.php\/suscribete-2\/#breadcrumb"},"inLanguage":"es","potentialAction":[{"@type":"ReadAction","target":["https:\/\/apus.uno\/index.php\/suscribete-2\/"]}]},{"@type":"BreadcrumbList","@id":"https:\/\/apus.uno\/index.php\/suscribete-2\/#breadcrumb","itemListElement":[{"@type":"ListItem","position":1,"name":"Portada","item":"https:\/\/apus.uno\/"},{"@type":"ListItem","position":2,"name":"suscribete"}]},{"@type":"WebSite","@id":"https:\/\/apus.uno\/#website","url":"https:\/\/apus.uno\/","name":"APUS ASESORES","description":"","publisher":{"@id":"https:\/\/apus.uno\/#organization"},"potentialAction":[{"@type":"SearchAction","target":{"@type":"EntryPoint","urlTemplate":"https:\/\/apus.uno\/?s={search_term_string}"},"query-input":{"@type":"PropertyValueSpecification","valueRequired":true,"valueName":"search_term_string"}}],"inLanguage":"es"},{"@type":"Organization","@id":"https:\/\/apus.uno\/#organization","name":"APUS ASESORES","url":"https:\/\/apus.uno\/","logo":{"@type":"ImageObject","inLanguage":"es","@id":"https:\/\/apus.uno\/#\/schema\/logo\/image\/","url":"https:\/\/i0.wp.com\/apus.uno\/wp-content\/uploads\/2022\/01\/cropped-Apus-asesores-logo.jpg?fit=89%2C49&ssl=1","contentUrl":"https:\/\/i0.wp.com\/apus.uno\/wp-content\/uploads\/2022\/01\/cropped-Apus-asesores-logo.jpg?fit=89%2C49&ssl=1","width":89,"height":49,"caption":"APUS ASESORES"},"image":{"@id":"https:\/\/apus.uno\/#\/schema\/logo\/image\/"}}]}},"jetpack_sharing_enabled":true,"jetpack_likes_enabled":true,"jetpack-related-posts":[],"post_mailing_queue_ids":[],"_links":{"self":[{"href":"https:\/\/apus.uno\/index.php\/wp-json\/wp\/v2\/pages\/748","targetHints":{"allow":["GET"]}}],"collection":[{"href":"https:\/\/apus.uno\/index.php\/wp-json\/wp\/v2\/pages"}],"about":[{"href":"https:\/\/apus.uno\/index.php\/wp-json\/wp\/v2\/types\/page"}],"author":[{"embeddable":true,"href":"https:\/\/apus.uno\/index.php\/wp-json\/wp\/v2\/users\/1"}],"replies":[{"embeddable":true,"href":"https:\/\/apus.uno\/index.php\/wp-json\/wp\/v2\/comments?post=748"}],"version-history":[{"count":2,"href":"https:\/\/apus.uno\/index.php\/wp-json\/wp\/v2\/pages\/748\/revisions"}],"predecessor-version":[{"id":750,"href":"https:\/\/apus.uno\/index.php\/wp-json\/wp\/v2\/pages\/748\/revisions\/750"}],"wp:attachment":[{"href":"https:\/\/apus.uno\/index.php\/wp-json\/wp\/v2\/media?parent=748"}],"curies":[{"name":"wp","href":"https:\/\/api.w.org\/{rel}","templated":true}]}}