{"id":74,"date":"2021-01-24T20:43:50","date_gmt":"2021-01-24T20:43:50","guid":{"rendered":"https:\/\/apus.uno\/index.php\/add-your-listing\/"},"modified":"2021-01-24T20:43:50","modified_gmt":"2021-01-24T20:43:50","slug":"add-your-listing","status":"publish","type":"page","link":"https:\/\/apus.uno\/index.php\/add-your-listing\/","title":{"rendered":"Add Your Listing"},"content":{"rendered":"<form action=\"\/index.php\/wp-json\/wp\/v2\/pages\/74\" method=\"post\" id=\"submit-job-form\" class=\"job-manager-form\" enctype=\"multipart\/form-data\">\n\n\t\n\t\n\t\n\t\t\t<fieldset class=\"fieldset-login_required\">\n\t\t<label>\u00bfTienes una cuenta?<\/label>\n\t\t<div class=\"field account-sign-in\">\n\t\t\t<a class=\"button\" href=\"https:\/\/apus.uno\/wp-login.php?redirect_to=https%3A%2F%2Fapus.uno%2Findex.php%2Fadd-your-listing%2F\">Acceder<\/a>\n\n\t\t\t\n\t\t\t\tSi no tienes una cuenta, puedes crear una a continuaci\u00f3n introduciendo tu direcci\u00f3n de correo electr\u00f3nico o tu nombre de usuario.\t\t\t\t\t\t\t\t\tLos detalles de tu cuenta ser\u00e1n confirmados por correo electr\u00f3nico.\t\t\t\t\n\t\t\t\t\t<\/div>\n\t<\/fieldset>\n\t\t\t\t<fieldset class=\"fieldset-create_account_email\">\n\t\t\t\t<label\n\t\t\t\t\tfor=\"create_account_email\">Tu correo electr\u00f3nico<\/label>\n\t\t\t\t<div class=\"field required-field draft-required\">\n\t\t\t\t\t<input type=\"text\" class=\"input-text\" name=\"create_account_email\" id=\"create_account_email\" placeholder=\"tu@tudominio.com\" value=\"\" maxlength=\"\" required \/>\n\t\t\t\t<\/div>\n\t\t\t<\/fieldset>\n\t\t\t\n\t\n\t\n\t\t<!-- Job Information Fields -->\n\t\t\n\t\t\t\t\t<fieldset class=\"fieldset-job_title fieldset-type-text\">\n\t\t\t\t<label for=\"job_title\">T\u00edtulo del trabajo<\/label>\n\t\t\t\t<div class=\"field required-field\">\n\t\t\t\t\t<input type=\"text\" class=\"input-text\" name=\"job_title\" id=\"job_title\" placeholder=\"\" value=\"\" maxlength=\"\" required \/>\n\t\t\t\t<\/div>\n\t\t\t<\/fieldset>\n\t\t\t\t\t<fieldset class=\"fieldset-job_location fieldset-type-text\">\n\t\t\t\t<label for=\"job_location\">Ubicaci\u00f3n <small>(opcional)<\/small><\/label>\n\t\t\t\t<div class=\"field \">\n\t\t\t\t\t<input type=\"text\" class=\"input-text\" name=\"job_location\" id=\"job_location\" placeholder=\"Ejemplo: \u00abMadrid\u00bb\" value=\"\" maxlength=\"\"  \/>\n<small class=\"description\">Dejar en blanco si la ubicaci\u00f3n no es importante<\/small>\t\t\t\t<\/div>\n\t\t\t<\/fieldset>\n\t\t\t\t\t<fieldset class=\"fieldset-job_region fieldset-type-term-select\">\n\t\t\t\t<label for=\"job_region\">\ufeffRegi\u00f3n del puesto<\/label>\n\t\t\t\t<div class=\"field required-field\">\n\t\t\t\t\t<select  name='job_region' id='job_region' class='postform'>\n\t<option value=''>Seleccionar regi\u00f3n<\/option>\n\t<option class=\"level-0\" value=\"91\">Granada<\/option>\n\t<option class=\"level-1\" value=\"92\">&nbsp;&nbsp;&nbsp;Cuevas del Campo<\/option>\n\t<option class=\"level-0\" value=\"67\">Ja\u00e9n<\/option>\n\t<option class=\"level-1\" value=\"83\">&nbsp;&nbsp;&nbsp;Arroyo Frio<\/option>\n\t<option class=\"level-1\" value=\"84\">&nbsp;&nbsp;&nbsp;Burunchel<\/option>\n\t<option class=\"level-1\" value=\"68\">&nbsp;&nbsp;&nbsp;Cazorla<\/option>\n\t<option class=\"level-1\" value=\"85\">&nbsp;&nbsp;&nbsp;Coto rios<\/option>\n\t<option class=\"level-1\" value=\"79\">&nbsp;&nbsp;&nbsp;Hinojares<\/option>\n\t<option class=\"level-1\" value=\"78\">&nbsp;&nbsp;&nbsp;Huesa<\/option>\n\t<option class=\"level-1\" value=\"82\">&nbsp;&nbsp;&nbsp;La Iruela<\/option>\n\t<option class=\"level-1\" value=\"90\">&nbsp;&nbsp;&nbsp;Linares<\/option>\n\t<option class=\"level-1\" value=\"80\">&nbsp;&nbsp;&nbsp;Peal de Becerro<\/option>\n\t<option class=\"level-1\" value=\"77\">&nbsp;&nbsp;&nbsp;Pozo Alc\u00f3n<\/option>\n\t<option class=\"level-1\" value=\"88\">&nbsp;&nbsp;&nbsp;Quesada<\/option>\n\t<option class=\"level-1\" value=\"81\">&nbsp;&nbsp;&nbsp;Santo Tom\u00e9<\/option>\n\t<option class=\"level-1\" value=\"89\">&nbsp;&nbsp;&nbsp;Ubeda<\/option>\n\t<option class=\"level-1\" value=\"86\">&nbsp;&nbsp;&nbsp;Villacarrillo<\/option>\n\t<option class=\"level-1\" value=\"87\">&nbsp;&nbsp;&nbsp;Villanueva del Arzobispo<\/option>\n<\/select>\n\t\t\t\t<\/div>\n\t\t\t<\/fieldset>\n\t\t\t\t\t<fieldset class=\"fieldset-remote_position fieldset-type-checkbox\">\n\t\t\t\t<label for=\"remote_position\">Puesto en remoto <small>(opcional)<\/small><\/label>\n\t\t\t\t<div class=\"field \">\n\t\t\t\t\t<input type=\"checkbox\" class=\"input-checkbox\" name=\"remote_position\" id=\"remote_position\"  value=\"1\"  \/>\n<small class=\"description\">Selecciona si este es un puesto remoto.<\/small>\t\t\t\t<\/div>\n\t\t\t<\/fieldset>\n\t\t\t\t\t<fieldset class=\"fieldset-job_type fieldset-type-term-select\">\n\t\t\t\t<label for=\"job_type\">Tipo de trabajo<\/label>\n\t\t\t\t<div class=\"field required-field\">\n\t\t\t\t\t<select  name='job_type' id='job_type' class='postform'>\n\t<option value=''>Elige el tipo de trabajo&hellip;<\/option>\n\t<option class=\"level-0\" value=\"15\">Freelance<\/option>\n\t<option class=\"level-0\" value=\"12\" selected=\"selected\">Full Time<\/option>\n\t<option class=\"level-0\" value=\"16\">Internship<\/option>\n\t<option class=\"level-0\" value=\"13\">Part Time<\/option>\n\t<option class=\"level-0\" value=\"14\">Temporary<\/option>\n<\/select>\n\t\t\t\t<\/div>\n\t\t\t<\/fieldset>\n\t\t\t\t\t<fieldset class=\"fieldset-job_category fieldset-type-term-multiselect\">\n\t\t\t\t<label for=\"job_category\">Categor\u00eda del trabajo<\/label>\n\t\t\t\t<div class=\"field required-field\">\n\t\t\t\t\t<select name='job_category[]' id='job_category' class='job-manager-category-dropdown ' multiple='multiple' data-placeholder='Elige una categor\u00eda&hellip;' data-no_results_text='No se han encontrado resultados' data-multiple_text='Elige alguna opci\u00f3n'>\n\t<option class=\"level-0\" value=\"65\">1 Viajar por Espa\u00f1a<\/option>\n\t<option class=\"level-1\" value=\"76\">&nbsp;&nbsp;&nbsp;Ciudad<\/option>\n\t<option class=\"level-1\" value=\"74\">&nbsp;&nbsp;&nbsp;Monta\u00f1a<\/option>\n\t<option class=\"level-1\" value=\"75\">&nbsp;&nbsp;&nbsp;Playa<\/option>\n<\/select>\n\t\t\t\t<\/div>\n\t\t\t<\/fieldset>\n\t\t\t\t\t<fieldset class=\"fieldset-job_description fieldset-type-wp-editor\">\n\t\t\t\t<label for=\"job_description\">Descripci\u00f3n<\/label>\n\t\t\t\t<div class=\"field required-field\">\n\t\t\t\t\t<div id=\"wp-job_description-wrap\" class=\"wp-core-ui wp-editor-wrap tmce-active\"><link rel='stylesheet' id='dashicons-css' href='https:\/\/apus.uno\/wp-includes\/css\/dashicons.min.css?ver=6.9.4' type='text\/css' media='all' \/>\n<link rel='stylesheet' id='editor-buttons-css' href='https:\/\/apus.uno\/wp-includes\/css\/editor.min.css?ver=6.9.4' type='text\/css' media='all' \/>\n<style> .mce-top-part button { background-color: rgba(0,0,0,0.0) !important; } <\/style>\n<div id=\"wp-job_description-editor-container\" class=\"wp-editor-container\"><textarea class=\"wp-editor-area\" rows=\"8\" autocomplete=\"off\" cols=\"40\" name=\"job_description\" id=\"job_description\"><\/textarea><\/div>\n<\/div>\n\n\t\t\t\t<\/div>\n\t\t\t<\/fieldset>\n\t\t\t\t\t<fieldset class=\"fieldset-application fieldset-type-text\">\n\t\t\t\t<label for=\"application\">Direcci\u00f3n de correo electr\u00f3nico o URL de la solicitud<\/label>\n\t\t\t\t<div class=\"field required-field\">\n\t\t\t\t\t<input type=\"text\" class=\"input-text\" name=\"application\" id=\"application\" placeholder=\"Introduce un correo electr\u00f3nico o la URL de la web\" value=\"\" maxlength=\"\" required \/>\n\t\t\t\t<\/div>\n\t\t\t<\/fieldset>\n\t\t\n\t\t\n\t\t<!-- Company Information Fields -->\n\t\t\t\t\t<h2>Detalles de la empresa<\/h2>\n\n\t\t\t\n\t\t\t\t\t\t\t<fieldset class=\"fieldset-company_name fieldset-type-text\">\n\t\t\t\t\t<label for=\"company_name\">Nombre de la empresa<\/label>\n\t\t\t\t\t<div class=\"field required-field\">\n\t\t\t\t\t\t<input type=\"text\" class=\"input-text\" name=\"company_name\" id=\"company_name\" placeholder=\"Introduce el nombre de la empresa\" value=\"\" maxlength=\"\" required \/>\n\t\t\t\t\t<\/div>\n\t\t\t\t<\/fieldset>\n\t\t\t\t\t\t\t<fieldset class=\"fieldset-company_website fieldset-type-text\">\n\t\t\t\t\t<label for=\"company_website\">Web <small>(opcional)<\/small><\/label>\n\t\t\t\t\t<div class=\"field \">\n\t\t\t\t\t\t<input type=\"text\" class=\"input-text\" name=\"company_website\" id=\"company_website\" placeholder=\"https:\/\/\" value=\"\" maxlength=\"\"  \/>\n\t\t\t\t\t<\/div>\n\t\t\t\t<\/fieldset>\n\t\t\t\t\t\t\t<fieldset class=\"fieldset-company_tagline fieldset-type-text\">\n\t\t\t\t\t<label for=\"company_tagline\">Descripci\u00f3n corta <small>(opcional)<\/small><\/label>\n\t\t\t\t\t<div class=\"field \">\n\t\t\t\t\t\t<input type=\"text\" class=\"input-text\" name=\"company_tagline\" id=\"company_tagline\" placeholder=\"Breve descripci\u00f3n de la empresa\" value=\"\" maxlength=\"64\"  \/>\n\t\t\t\t\t<\/div>\n\t\t\t\t<\/fieldset>\n\t\t\t\t\t\t\t<fieldset class=\"fieldset-company_video fieldset-type-text\">\n\t\t\t\t\t<label for=\"company_video\">V\u00eddeo <small>(opcional)<\/small><\/label>\n\t\t\t\t\t<div class=\"field \">\n\t\t\t\t\t\t<input type=\"text\" class=\"input-text\" name=\"company_video\" id=\"company_video\" placeholder=\"Un enlace a un v\u00eddeo acerca de tu empresa\" value=\"\" maxlength=\"\"  \/>\n\t\t\t\t\t<\/div>\n\t\t\t\t<\/fieldset>\n\t\t\t\t\t\t\t<fieldset class=\"fieldset-company_twitter fieldset-type-text\">\n\t\t\t\t\t<label for=\"company_twitter\">Nombre de usuario en Twitter <small>(opcional)<\/small><\/label>\n\t\t\t\t\t<div class=\"field \">\n\t\t\t\t\t\t<input type=\"text\" class=\"input-text\" name=\"company_twitter\" id=\"company_twitter\" placeholder=\"@tuempresa\" value=\"\" maxlength=\"\"  \/>\n\t\t\t\t\t<\/div>\n\t\t\t\t<\/fieldset>\n\t\t\t\t\t\t\t<fieldset class=\"fieldset-company_logo fieldset-type-file\">\n\t\t\t\t\t<label for=\"company_logo\">Logotipo <small>(opcional)<\/small><\/label>\n\t\t\t\t\t<div class=\"field \">\n\t\t\t\t\t\t<div class=\"job-manager-uploaded-files\">\n\t<\/div>\n\n<input\n\ttype=\"file\"\n\tclass=\"input-text\"\n\tdata-file_types=\"jpg|jpeg|gif|png\"\n\t\t\t\t\tname=\"company_logo\"\n\tid=\"company_logo\"\n\tplaceholder=\"\"\n\/>\n<small class=\"description\">\n\t\t\tTama\u00f1o m\u00e1ximo del archivo: 64 MB.\t<\/small>\n\t\t\t\t\t<\/div>\n\t\t\t\t<\/fieldset>\n\t\t\t\n\t\t\t\t\t\n\t\t\n\t\t<p>\n\t\t\t<input type=\"hidden\" name=\"job_manager_form\" value=\"submit-job\" \/>\n\t\t\t<input type=\"hidden\" name=\"job_id\" value=\"0\" \/>\n\t\t\t<input type=\"hidden\" name=\"step\" value=\"0\" \/>\n\t\t\t<input type=\"submit\" name=\"submit_job\" class=\"button\"\n    \t\t value=\"Previsualizar\" \/>\n\t\t\t<input type=\"submit\" name=\"save_draft\" class=\"button secondary save_draft\" value=\"Guardar borrador\" formnovalidate \/>\t\t\t<span class=\"spinner\" style=\"background-image: url(https:\/\/apus.uno\/wp-includes\/images\/spinner.gif);\"><\/span>\n\t\t<\/p>\n\n\t<\/form>\n\n","protected":false},"excerpt":{"rendered":"\u00bfTienes una cuenta? Acceder Si no tienes una cuenta, puedes crear una a continuaci\u00f3n introduciendo tu direcci\u00f3n de correo electr\u00f3nico o tu nombre de usuario. Los detalles de tu cuenta ser\u00e1n confirmados por correo electr\u00f3nico. Tu correo electr\u00f3nico T\u00edtulo del trabajo Ubicaci\u00f3n (opcional) Dejar en blanco si la ubicaci\u00f3n no es importante \ufeffRegi\u00f3n del puesto [...]","protected":false},"author":1,"featured_media":75,"parent":0,"menu_order":0,"comment_status":"closed","ping_status":"closed","template":"page-templates\/template-single-column.php","meta":{"jetpack_post_was_ever_published":false,"tdm_status":"","tdm_grid_status":"","footnotes":""},"class_list":["post-74","page","type-page","status-publish","has-post-thumbnail"],"yoast_head":"<!-- This site is optimized with the Yoast SEO plugin v27.5 - https:\/\/yoast.com\/product\/yoast-seo-wordpress\/ -->\n<title>Add Your Listing - APUS ASESORES<\/title>\n<meta name=\"robots\" content=\"index, follow, max-snippet:-1, max-image-preview:large, max-video-preview:-1\" \/>\n<link rel=\"canonical\" href=\"https:\/\/apus.uno\/index.php\/add-your-listing\/\" \/>\n<meta property=\"og:locale\" content=\"es_ES\" \/>\n<meta property=\"og:type\" content=\"article\" \/>\n<meta property=\"og:title\" content=\"Add Your Listing - APUS ASESORES\" \/>\n<meta property=\"og:url\" content=\"https:\/\/apus.uno\/index.php\/add-your-listing\/\" \/>\n<meta property=\"og:site_name\" content=\"APUS ASESORES\" \/>\n<meta property=\"og:image\" content=\"https:\/\/i0.wp.com\/apus.uno\/wp-content\/uploads\/2021\/01\/page-submit-featured-image.jpg?fit=1099%2C733&ssl=1\" \/>\n\t<meta property=\"og:image:width\" content=\"1099\" \/>\n\t<meta property=\"og:image:height\" content=\"733\" \/>\n\t<meta property=\"og:image:type\" content=\"image\/jpeg\" \/>\n<meta name=\"twitter:card\" content=\"summary_large_image\" \/>\n<script type=\"application\/ld+json\" class=\"yoast-schema-graph\">{\"@context\":\"https:\\\/\\\/schema.org\",\"@graph\":[{\"@type\":\"WebPage\",\"@id\":\"https:\\\/\\\/apus.uno\\\/index.php\\\/add-your-listing\\\/\",\"url\":\"https:\\\/\\\/apus.uno\\\/index.php\\\/add-your-listing\\\/\",\"name\":\"Add Your Listing - APUS ASESORES\",\"isPartOf\":{\"@id\":\"https:\\\/\\\/apus.uno\\\/#website\"},\"primaryImageOfPage\":{\"@id\":\"https:\\\/\\\/apus.uno\\\/index.php\\\/add-your-listing\\\/#primaryimage\"},\"image\":{\"@id\":\"https:\\\/\\\/apus.uno\\\/index.php\\\/add-your-listing\\\/#primaryimage\"},\"thumbnailUrl\":\"https:\\\/\\\/i0.wp.com\\\/apus.uno\\\/wp-content\\\/uploads\\\/2021\\\/01\\\/page-submit-featured-image.jpg?fit=1099%2C733&ssl=1\",\"datePublished\":\"2021-01-24T20:43:50+00:00\",\"breadcrumb\":{\"@id\":\"https:\\\/\\\/apus.uno\\\/index.php\\\/add-your-listing\\\/#breadcrumb\"},\"inLanguage\":\"es\",\"potentialAction\":[{\"@type\":\"ReadAction\",\"target\":[\"https:\\\/\\\/apus.uno\\\/index.php\\\/add-your-listing\\\/\"]}]},{\"@type\":\"ImageObject\",\"inLanguage\":\"es\",\"@id\":\"https:\\\/\\\/apus.uno\\\/index.php\\\/add-your-listing\\\/#primaryimage\",\"url\":\"https:\\\/\\\/i0.wp.com\\\/apus.uno\\\/wp-content\\\/uploads\\\/2021\\\/01\\\/page-submit-featured-image.jpg?fit=1099%2C733&ssl=1\",\"contentUrl\":\"https:\\\/\\\/i0.wp.com\\\/apus.uno\\\/wp-content\\\/uploads\\\/2021\\\/01\\\/page-submit-featured-image.jpg?fit=1099%2C733&ssl=1\",\"width\":1099,\"height\":733},{\"@type\":\"BreadcrumbList\",\"@id\":\"https:\\\/\\\/apus.uno\\\/index.php\\\/add-your-listing\\\/#breadcrumb\",\"itemListElement\":[{\"@type\":\"ListItem\",\"position\":1,\"name\":\"Portada\",\"item\":\"https:\\\/\\\/apus.uno\\\/\"},{\"@type\":\"ListItem\",\"position\":2,\"name\":\"Add Your Listing\"}]},{\"@type\":\"WebSite\",\"@id\":\"https:\\\/\\\/apus.uno\\\/#website\",\"url\":\"https:\\\/\\\/apus.uno\\\/\",\"name\":\"APUS ASESORES\",\"description\":\"\",\"publisher\":{\"@id\":\"https:\\\/\\\/apus.uno\\\/#organization\"},\"potentialAction\":[{\"@type\":\"SearchAction\",\"target\":{\"@type\":\"EntryPoint\",\"urlTemplate\":\"https:\\\/\\\/apus.uno\\\/?s={search_term_string}\"},\"query-input\":{\"@type\":\"PropertyValueSpecification\",\"valueRequired\":true,\"valueName\":\"search_term_string\"}}],\"inLanguage\":\"es\"},{\"@type\":\"Organization\",\"@id\":\"https:\\\/\\\/apus.uno\\\/#organization\",\"name\":\"APUS ASESORES\",\"url\":\"https:\\\/\\\/apus.uno\\\/\",\"logo\":{\"@type\":\"ImageObject\",\"inLanguage\":\"es\",\"@id\":\"https:\\\/\\\/apus.uno\\\/#\\\/schema\\\/logo\\\/image\\\/\",\"url\":\"https:\\\/\\\/i0.wp.com\\\/apus.uno\\\/wp-content\\\/uploads\\\/2022\\\/01\\\/cropped-Apus-asesores-logo.jpg?fit=89%2C49&ssl=1\",\"contentUrl\":\"https:\\\/\\\/i0.wp.com\\\/apus.uno\\\/wp-content\\\/uploads\\\/2022\\\/01\\\/cropped-Apus-asesores-logo.jpg?fit=89%2C49&ssl=1\",\"width\":89,\"height\":49,\"caption\":\"APUS ASESORES\"},\"image\":{\"@id\":\"https:\\\/\\\/apus.uno\\\/#\\\/schema\\\/logo\\\/image\\\/\"}}]}<\/script>\n<!-- \/ Yoast SEO plugin. -->","yoast_head_json":{"title":"Add Your Listing - APUS ASESORES","robots":{"index":"index","follow":"follow","max-snippet":"max-snippet:-1","max-image-preview":"max-image-preview:large","max-video-preview":"max-video-preview:-1"},"canonical":"https:\/\/apus.uno\/index.php\/add-your-listing\/","og_locale":"es_ES","og_type":"article","og_title":"Add Your Listing - APUS ASESORES","og_url":"https:\/\/apus.uno\/index.php\/add-your-listing\/","og_site_name":"APUS ASESORES","og_image":[{"width":1099,"height":733,"url":"https:\/\/i0.wp.com\/apus.uno\/wp-content\/uploads\/2021\/01\/page-submit-featured-image.jpg?fit=1099%2C733&ssl=1","type":"image\/jpeg"}],"twitter_card":"summary_large_image","schema":{"@context":"https:\/\/schema.org","@graph":[{"@type":"WebPage","@id":"https:\/\/apus.uno\/index.php\/add-your-listing\/","url":"https:\/\/apus.uno\/index.php\/add-your-listing\/","name":"Add Your Listing - APUS ASESORES","isPartOf":{"@id":"https:\/\/apus.uno\/#website"},"primaryImageOfPage":{"@id":"https:\/\/apus.uno\/index.php\/add-your-listing\/#primaryimage"},"image":{"@id":"https:\/\/apus.uno\/index.php\/add-your-listing\/#primaryimage"},"thumbnailUrl":"https:\/\/i0.wp.com\/apus.uno\/wp-content\/uploads\/2021\/01\/page-submit-featured-image.jpg?fit=1099%2C733&ssl=1","datePublished":"2021-01-24T20:43:50+00:00","breadcrumb":{"@id":"https:\/\/apus.uno\/index.php\/add-your-listing\/#breadcrumb"},"inLanguage":"es","potentialAction":[{"@type":"ReadAction","target":["https:\/\/apus.uno\/index.php\/add-your-listing\/"]}]},{"@type":"ImageObject","inLanguage":"es","@id":"https:\/\/apus.uno\/index.php\/add-your-listing\/#primaryimage","url":"https:\/\/i0.wp.com\/apus.uno\/wp-content\/uploads\/2021\/01\/page-submit-featured-image.jpg?fit=1099%2C733&ssl=1","contentUrl":"https:\/\/i0.wp.com\/apus.uno\/wp-content\/uploads\/2021\/01\/page-submit-featured-image.jpg?fit=1099%2C733&ssl=1","width":1099,"height":733},{"@type":"BreadcrumbList","@id":"https:\/\/apus.uno\/index.php\/add-your-listing\/#breadcrumb","itemListElement":[{"@type":"ListItem","position":1,"name":"Portada","item":"https:\/\/apus.uno\/"},{"@type":"ListItem","position":2,"name":"Add Your Listing"}]},{"@type":"WebSite","@id":"https:\/\/apus.uno\/#website","url":"https:\/\/apus.uno\/","name":"APUS ASESORES","description":"","publisher":{"@id":"https:\/\/apus.uno\/#organization"},"potentialAction":[{"@type":"SearchAction","target":{"@type":"EntryPoint","urlTemplate":"https:\/\/apus.uno\/?s={search_term_string}"},"query-input":{"@type":"PropertyValueSpecification","valueRequired":true,"valueName":"search_term_string"}}],"inLanguage":"es"},{"@type":"Organization","@id":"https:\/\/apus.uno\/#organization","name":"APUS ASESORES","url":"https:\/\/apus.uno\/","logo":{"@type":"ImageObject","inLanguage":"es","@id":"https:\/\/apus.uno\/#\/schema\/logo\/image\/","url":"https:\/\/i0.wp.com\/apus.uno\/wp-content\/uploads\/2022\/01\/cropped-Apus-asesores-logo.jpg?fit=89%2C49&ssl=1","contentUrl":"https:\/\/i0.wp.com\/apus.uno\/wp-content\/uploads\/2022\/01\/cropped-Apus-asesores-logo.jpg?fit=89%2C49&ssl=1","width":89,"height":49,"caption":"APUS ASESORES"},"image":{"@id":"https:\/\/apus.uno\/#\/schema\/logo\/image\/"}}]}},"jetpack_sharing_enabled":true,"jetpack_likes_enabled":true,"jetpack-related-posts":[],"post_mailing_queue_ids":[],"_links":{"self":[{"href":"https:\/\/apus.uno\/index.php\/wp-json\/wp\/v2\/pages\/74","targetHints":{"allow":["GET"]}}],"collection":[{"href":"https:\/\/apus.uno\/index.php\/wp-json\/wp\/v2\/pages"}],"about":[{"href":"https:\/\/apus.uno\/index.php\/wp-json\/wp\/v2\/types\/page"}],"author":[{"embeddable":true,"href":"https:\/\/apus.uno\/index.php\/wp-json\/wp\/v2\/users\/1"}],"replies":[{"embeddable":true,"href":"https:\/\/apus.uno\/index.php\/wp-json\/wp\/v2\/comments?post=74"}],"version-history":[{"count":0,"href":"https:\/\/apus.uno\/index.php\/wp-json\/wp\/v2\/pages\/74\/revisions"}],"wp:featuredmedia":[{"embeddable":true,"href":"https:\/\/apus.uno\/index.php\/wp-json\/wp\/v2\/media\/75"}],"wp:attachment":[{"href":"https:\/\/apus.uno\/index.php\/wp-json\/wp\/v2\/media?parent=74"}],"curies":[{"name":"wp","href":"https:\/\/api.w.org\/{rel}","templated":true}]}}