{"id":441,"date":"2021-03-15T17:56:10","date_gmt":"2021-03-15T17:56:10","guid":{"rendered":"https:\/\/apus.uno\/?page_id=441"},"modified":"2021-04-24T21:04:34","modified_gmt":"2021-04-24T21:04:34","slug":"politica-de-comercio-electronico","status":"publish","type":"page","link":"https:\/\/apus.uno\/index.php\/politica-de-comercio-electronico\/","title":{"rendered":"Pol\u00edtica de Comercio electr\u00f3nico"},"content":{"rendered":"<div id=\"tdi_1\" class=\"tdc-row\"><div class=\"vc_row tdi_2  wpb_row td-pb-row\" >\n<style scoped>\n\/* custom css - generated by TagDiv Composer *\/\n\n\/* custom css - generated by TagDiv Composer *\/\n\/* custom css - generated by TagDiv Composer *\/\n.tdi_2,\r\n                .tdi_2 .tdc-columns{\r\n                    min-height: 0;\r\n                }.tdi_2,\r\n\t\t\t\t.tdi_2 .tdc-columns{\r\n\t\t\t\t    display: block;\r\n\t\t\t\t}.tdi_2 .tdc-columns{\r\n\t\t\t\t    width: 100%;\r\n\t\t\t\t}\n<\/style><div class=\"vc_column tdi_4  wpb_column vc_column_container tdc-column td-pb-span12\">\n<style scoped>\n\/* custom css - generated by TagDiv Composer *\/\n\n\/* custom css - generated by TagDiv Composer *\/\n\/* custom css - generated by TagDiv Composer *\/\n.tdi_4{\r\n                    vertical-align: baseline;\r\n                }.tdi_4 > .wpb_wrapper,\r\n\t\t\t\t.tdi_4 > .wpb_wrapper > .tdc-elements{\r\n\t\t\t\t    display: block;\r\n\t\t\t\t}.tdi_4 > .wpb_wrapper > .tdc-elements{\r\n\t\t\t\t    width: 100%;\r\n\t\t\t\t}.tdi_4 > .wpb_wrapper > .vc_row_inner{\r\n\t\t\t\t    width: auto;\r\n\t\t\t\t}.tdi_4 > .wpb_wrapper{\r\n\t\t\t\t    width: auto;\r\n\t\t\t\t    height: auto;\r\n\t\t\t\t}\n<\/style><div class=\"wpb_wrapper\" >[vc_single_image image=\u00bb442&#8243; img_size=\u00bbfull\u00bb]<\/div><\/div><\/div><\/div><div id=\"tdi_5\" class=\"tdc-row\"><div class=\"vc_row tdi_6  wpb_row td-pb-row\" >\n<style scoped>\n\/* custom css - generated by TagDiv Composer *\/\n\n\/* custom css - generated by TagDiv Composer *\/\n\/* custom css - generated by TagDiv Composer *\/\n.tdi_6,\r\n                .tdi_6 .tdc-columns{\r\n                    min-height: 0;\r\n                }.tdi_6,\r\n\t\t\t\t.tdi_6 .tdc-columns{\r\n\t\t\t\t    display: block;\r\n\t\t\t\t}.tdi_6 .tdc-columns{\r\n\t\t\t\t    width: 100%;\r\n\t\t\t\t}\n<\/style><div class=\"vc_column tdi_8  wpb_column vc_column_container tdc-column td-pb-span12\">\n<style scoped>\n\/* custom css - generated by TagDiv Composer *\/\n\n\/* custom css - generated by TagDiv Composer *\/\n\/* custom css - generated by TagDiv Composer *\/\n.tdi_8{\r\n                    vertical-align: baseline;\r\n                }.tdi_8 > .wpb_wrapper,\r\n\t\t\t\t.tdi_8 > .wpb_wrapper > .tdc-elements{\r\n\t\t\t\t    display: block;\r\n\t\t\t\t}.tdi_8 > .wpb_wrapper > .tdc-elements{\r\n\t\t\t\t    width: 100%;\r\n\t\t\t\t}.tdi_8 > .wpb_wrapper > .vc_row_inner{\r\n\t\t\t\t    width: auto;\r\n\t\t\t\t}.tdi_8 > .wpb_wrapper{\r\n\t\t\t\t    width: auto;\r\n\t\t\t\t    height: auto;\r\n\t\t\t\t}\n<\/style><div class=\"wpb_wrapper\" >[vc_column_text]\r\n<h1 style=\"text-align: center;\">LSSICE 34\/2002<\/h1>\r\nSeg\u00fan la LSSI (Ley de Servicios de la Sociedad de la Informaci\u00f3n) informamos a todos los usuarios de la web que si solicitan cualquier tipo de informaci\u00f3n mediante los distintos formularios existentes en esta p\u00e1gina web est\u00e1 concedi\u00e9ndonos su autorizaci\u00f3n expresa para recibir nuestras noticias y ofertas (desde est\u00e9s boletines se podr\u00e1 dar de baja en cualquier momento), as\u00ed como comunicaciones comerciales exclusivamente acerca de nuestros servicios, de acuerdo con las condiciones recogidas en nuestra pol\u00edtica de privacidad.\r\n\r\nDatos de la empresa: El propietario de esta web, pone la disposici\u00f3n de los visitantes de la mencionada, una serie de datos que seg\u00fan el art\u00edculo 9 correspondiente a la ley 34\/2002 de 11 de Julio. \u2013 lssice de \u201cservicios de la sociedad y de la informaci\u00f3n de comercio electr\u00f3nico\u201d, son de obligada disposici\u00f3n tanto a los destinatarios del servicio como a los \u00f3rganos competentes, y por eslab\u00f3n se podr\u00e1n encontrar a continuaci\u00f3n, dispuestos de forma sencilla, directa y gratuita.\r\n\r\nEJERCITAR DERECHOS | <a href=\"mailto:soporte@apus.uno\"><strong>contratos@apus.uno<\/strong><\/a>\r\n<ul>\r\n \t<li>Empresa o Identidad: <strong>Apus Asesores S.L.<\/strong><\/li>\r\n \t<li>CIF de la empresa: <strong>B-01608041<\/strong><\/li>\r\n \t<li>Direcci\u00f3n postal:\u00a0<strong>Avda. Guadalquivir, 101,\u00a0 23470 Cazorla (Espa\u00f1a)<\/strong><\/li>\r\n \t<li>Email: <a href=\"mailto:soporte@apus.uno\"><strong>contratos@apus.uno<\/strong><\/a><\/li>\r\n \t<li>Delegado de Protecci\u00f3n de Datos:\u00a0<strong>Ambrosio Mart\u00ednez V\u00e1zquez<\/strong><\/li>\r\n \t<li>Dominios: <a href=\"https:\/\/apus.uno\"><strong>www.apus.uno<\/strong><\/a><\/li>\r\n<\/ul>\r\n&nbsp;\r\n<h1 style=\"text-align: center;\">\u00bfNo deseas recibir informaci\u00f3n de nosotros o deseas revocar tu consentimiento?<\/h1>\r\nDe conformidad con lo dispuesto en la Ley 34\/2002, de 11 de julio, de Servicios de la Sociedad de la Informaci\u00f3n y del Comercio Electr\u00f3nico puedes oponerte al uso de su informaci\u00f3n para fines publicitarios, investigaciones de mercado o desarrollo de encuestas de satisfacci\u00f3n en cualquier momento, as\u00ed como revocar tu consentimiento en cualquier momento (sin efecto retroactivo).\r\n\r\nPara ello, deber\u00e1s enviar un correo electr\u00f3nico a la direcci\u00f3n <a href=\"mailto:soporte@apus.uno\">contratos@apus.uno<\/a> . Si has recibido publicidad por correo electr\u00f3nico, tambi\u00e9n podr\u00e1s oponerte desde dicho correo electr\u00f3nico, pinchando en el enlace incluido en el mismo y siguiendo las instrucciones que te sean facilitadas.\r\n\r\nPor favor, ten en cuenta que nuestros sistemas pueden requerir un lapso de tiempo que en ning\u00fan caso superar\u00e1 las 48 horas para que tu oposici\u00f3n o revocaci\u00f3n sean efectivas, por lo que durante dicho espacio de tiempo podr\u00e1s seguir recibiendo mensajes.\r\n\r\nEn relaci\u00f3n con la gesti\u00f3n de tus datos asociados a los perfiles sociales de <strong>APUS ASESORES<\/strong>, el ejercicio del derecho de acceso, depender\u00e1 de la funcionalidad de la red social y las posibilidades de acceso a la informaci\u00f3n de los perfiles de los usuarios.\r\n\r\nCon relaci\u00f3n a los derechos de acceso y de rectificaci\u00f3n, le recordamos que s\u00f3lo podr\u00e1 satisfacerse en relaci\u00f3n a aquella informaci\u00f3n que se encuentre bajo el control de <strong>APUS ASESORES.<\/strong> Sobre los derechos de cancelaci\u00f3n y oposici\u00f3n, s\u00f3lo podr\u00e1n satisfacerse en relaci\u00f3n a aquella informaci\u00f3n que se encuentre bajo el control de <strong>APUS ASESORES<\/strong>.\r\n\r\nAdem\u00e1s podr\u00e1 dejar de interaccionar, seguir o recibir informaci\u00f3n de los perfiles sociales de <strong>APUS ASESORES<\/strong>, eliminar los contenidos que dejen de interesarle o restringir con qui\u00e9n comparte sus conexiones, mediante los mecanismos estipulados por las diferentes redes sociales.\r\n\r\nEl usuario puede acceder en todo momento a las pol\u00edticas de privacidad de la propia Red Social, as\u00ed como configurar su perfil para garantizar su privacidad. <strong>APUS ASESORES <\/strong>anima a los usuarios a familiarizarse con las condiciones de uso de dichas redes antes de comenzar a usarlo.[\/vc_column_text]<\/div><\/div><\/div><\/div>","protected":false},"excerpt":{"rendered":"[vc_single_image image=\"442\" img_size=\"full\"] [vc_column_text] LSSICE 34\/2002 Seg\u00fan la LSSI (Ley de Servicios de la Sociedad de la Informaci\u00f3n) informamos a todos los usuarios de la web que si solicitan cualquier tipo de informaci\u00f3n mediante los distintos formularios existentes en esta p\u00e1gina web est\u00e1 concedi\u00e9ndonos su autorizaci\u00f3n expresa para recibir nuestras noticias y ofertas (desde est\u00e9s [...]","protected":false},"author":1,"featured_media":0,"parent":0,"menu_order":0,"comment_status":"closed","ping_status":"closed","template":"","meta":{"jetpack_post_was_ever_published":false,"tdm_status":"","tdm_grid_status":"","footnotes":""},"class_list":["post-441","page","type-page","status-publish"],"yoast_head":"<!-- This site is optimized with the Yoast SEO plugin v27.5 - https:\/\/yoast.com\/product\/yoast-seo-wordpress\/ -->\n<title>Pol\u00edtica de Comercio electr\u00f3nico - APUS ASESORES<\/title>\n<meta name=\"robots\" content=\"index, follow, max-snippet:-1, max-image-preview:large, max-video-preview:-1\" \/>\n<link rel=\"canonical\" href=\"https:\/\/apus.uno\/index.php\/politica-de-comercio-electronico\/\" \/>\n<meta property=\"og:locale\" content=\"es_ES\" \/>\n<meta property=\"og:type\" content=\"article\" \/>\n<meta property=\"og:title\" content=\"Pol\u00edtica de Comercio electr\u00f3nico - APUS ASESORES\" \/>\n<meta property=\"og:url\" content=\"https:\/\/apus.uno\/index.php\/politica-de-comercio-electronico\/\" \/>\n<meta property=\"og:site_name\" content=\"APUS ASESORES\" \/>\n<meta property=\"article:modified_time\" content=\"2021-04-24T21:04:34+00:00\" \/>\n<meta name=\"twitter:card\" content=\"summary_large_image\" \/>\n<meta name=\"twitter:label1\" content=\"Tiempo de lectura\" \/>\n\t<meta name=\"twitter:data1\" content=\"3 minutos\" \/>\n<script type=\"application\/ld+json\" class=\"yoast-schema-graph\">{\"@context\":\"https:\\\/\\\/schema.org\",\"@graph\":[{\"@type\":\"WebPage\",\"@id\":\"https:\\\/\\\/apus.uno\\\/index.php\\\/politica-de-comercio-electronico\\\/\",\"url\":\"https:\\\/\\\/apus.uno\\\/index.php\\\/politica-de-comercio-electronico\\\/\",\"name\":\"Pol\u00edtica de Comercio electr\u00f3nico - APUS ASESORES\",\"isPartOf\":{\"@id\":\"https:\\\/\\\/apus.uno\\\/#website\"},\"datePublished\":\"2021-03-15T17:56:10+00:00\",\"dateModified\":\"2021-04-24T21:04:34+00:00\",\"breadcrumb\":{\"@id\":\"https:\\\/\\\/apus.uno\\\/index.php\\\/politica-de-comercio-electronico\\\/#breadcrumb\"},\"inLanguage\":\"es\",\"potentialAction\":[{\"@type\":\"ReadAction\",\"target\":[\"https:\\\/\\\/apus.uno\\\/index.php\\\/politica-de-comercio-electronico\\\/\"]}]},{\"@type\":\"BreadcrumbList\",\"@id\":\"https:\\\/\\\/apus.uno\\\/index.php\\\/politica-de-comercio-electronico\\\/#breadcrumb\",\"itemListElement\":[{\"@type\":\"ListItem\",\"position\":1,\"name\":\"Portada\",\"item\":\"https:\\\/\\\/apus.uno\\\/\"},{\"@type\":\"ListItem\",\"position\":2,\"name\":\"Pol\u00edtica de Comercio electr\u00f3nico\"}]},{\"@type\":\"WebSite\",\"@id\":\"https:\\\/\\\/apus.uno\\\/#website\",\"url\":\"https:\\\/\\\/apus.uno\\\/\",\"name\":\"APUS ASESORES\",\"description\":\"\",\"publisher\":{\"@id\":\"https:\\\/\\\/apus.uno\\\/#organization\"},\"potentialAction\":[{\"@type\":\"SearchAction\",\"target\":{\"@type\":\"EntryPoint\",\"urlTemplate\":\"https:\\\/\\\/apus.uno\\\/?s={search_term_string}\"},\"query-input\":{\"@type\":\"PropertyValueSpecification\",\"valueRequired\":true,\"valueName\":\"search_term_string\"}}],\"inLanguage\":\"es\"},{\"@type\":\"Organization\",\"@id\":\"https:\\\/\\\/apus.uno\\\/#organization\",\"name\":\"APUS ASESORES\",\"url\":\"https:\\\/\\\/apus.uno\\\/\",\"logo\":{\"@type\":\"ImageObject\",\"inLanguage\":\"es\",\"@id\":\"https:\\\/\\\/apus.uno\\\/#\\\/schema\\\/logo\\\/image\\\/\",\"url\":\"https:\\\/\\\/i0.wp.com\\\/apus.uno\\\/wp-content\\\/uploads\\\/2022\\\/01\\\/cropped-Apus-asesores-logo.jpg?fit=89%2C49&ssl=1\",\"contentUrl\":\"https:\\\/\\\/i0.wp.com\\\/apus.uno\\\/wp-content\\\/uploads\\\/2022\\\/01\\\/cropped-Apus-asesores-logo.jpg?fit=89%2C49&ssl=1\",\"width\":89,\"height\":49,\"caption\":\"APUS ASESORES\"},\"image\":{\"@id\":\"https:\\\/\\\/apus.uno\\\/#\\\/schema\\\/logo\\\/image\\\/\"}}]}<\/script>\n<!-- \/ Yoast SEO plugin. -->","yoast_head_json":{"title":"Pol\u00edtica de Comercio electr\u00f3nico - APUS ASESORES","robots":{"index":"index","follow":"follow","max-snippet":"max-snippet:-1","max-image-preview":"max-image-preview:large","max-video-preview":"max-video-preview:-1"},"canonical":"https:\/\/apus.uno\/index.php\/politica-de-comercio-electronico\/","og_locale":"es_ES","og_type":"article","og_title":"Pol\u00edtica de Comercio electr\u00f3nico - APUS ASESORES","og_url":"https:\/\/apus.uno\/index.php\/politica-de-comercio-electronico\/","og_site_name":"APUS ASESORES","article_modified_time":"2021-04-24T21:04:34+00:00","twitter_card":"summary_large_image","twitter_misc":{"Tiempo de lectura":"3 minutos"},"schema":{"@context":"https:\/\/schema.org","@graph":[{"@type":"WebPage","@id":"https:\/\/apus.uno\/index.php\/politica-de-comercio-electronico\/","url":"https:\/\/apus.uno\/index.php\/politica-de-comercio-electronico\/","name":"Pol\u00edtica de Comercio electr\u00f3nico - APUS ASESORES","isPartOf":{"@id":"https:\/\/apus.uno\/#website"},"datePublished":"2021-03-15T17:56:10+00:00","dateModified":"2021-04-24T21:04:34+00:00","breadcrumb":{"@id":"https:\/\/apus.uno\/index.php\/politica-de-comercio-electronico\/#breadcrumb"},"inLanguage":"es","potentialAction":[{"@type":"ReadAction","target":["https:\/\/apus.uno\/index.php\/politica-de-comercio-electronico\/"]}]},{"@type":"BreadcrumbList","@id":"https:\/\/apus.uno\/index.php\/politica-de-comercio-electronico\/#breadcrumb","itemListElement":[{"@type":"ListItem","position":1,"name":"Portada","item":"https:\/\/apus.uno\/"},{"@type":"ListItem","position":2,"name":"Pol\u00edtica de Comercio electr\u00f3nico"}]},{"@type":"WebSite","@id":"https:\/\/apus.uno\/#website","url":"https:\/\/apus.uno\/","name":"APUS ASESORES","description":"","publisher":{"@id":"https:\/\/apus.uno\/#organization"},"potentialAction":[{"@type":"SearchAction","target":{"@type":"EntryPoint","urlTemplate":"https:\/\/apus.uno\/?s={search_term_string}"},"query-input":{"@type":"PropertyValueSpecification","valueRequired":true,"valueName":"search_term_string"}}],"inLanguage":"es"},{"@type":"Organization","@id":"https:\/\/apus.uno\/#organization","name":"APUS ASESORES","url":"https:\/\/apus.uno\/","logo":{"@type":"ImageObject","inLanguage":"es","@id":"https:\/\/apus.uno\/#\/schema\/logo\/image\/","url":"https:\/\/i0.wp.com\/apus.uno\/wp-content\/uploads\/2022\/01\/cropped-Apus-asesores-logo.jpg?fit=89%2C49&ssl=1","contentUrl":"https:\/\/i0.wp.com\/apus.uno\/wp-content\/uploads\/2022\/01\/cropped-Apus-asesores-logo.jpg?fit=89%2C49&ssl=1","width":89,"height":49,"caption":"APUS ASESORES"},"image":{"@id":"https:\/\/apus.uno\/#\/schema\/logo\/image\/"}}]}},"jetpack_sharing_enabled":true,"jetpack_likes_enabled":true,"jetpack-related-posts":[],"post_mailing_queue_ids":[],"_links":{"self":[{"href":"https:\/\/apus.uno\/index.php\/wp-json\/wp\/v2\/pages\/441","targetHints":{"allow":["GET"]}}],"collection":[{"href":"https:\/\/apus.uno\/index.php\/wp-json\/wp\/v2\/pages"}],"about":[{"href":"https:\/\/apus.uno\/index.php\/wp-json\/wp\/v2\/types\/page"}],"author":[{"embeddable":true,"href":"https:\/\/apus.uno\/index.php\/wp-json\/wp\/v2\/users\/1"}],"replies":[{"embeddable":true,"href":"https:\/\/apus.uno\/index.php\/wp-json\/wp\/v2\/comments?post=441"}],"version-history":[{"count":2,"href":"https:\/\/apus.uno\/index.php\/wp-json\/wp\/v2\/pages\/441\/revisions"}],"predecessor-version":[{"id":474,"href":"https:\/\/apus.uno\/index.php\/wp-json\/wp\/v2\/pages\/441\/revisions\/474"}],"wp:attachment":[{"href":"https:\/\/apus.uno\/index.php\/wp-json\/wp\/v2\/media?parent=441"}],"curies":[{"name":"wp","href":"https:\/\/api.w.org\/{rel}","templated":true}]}}