{"id":433,"date":"2021-03-15T17:38:02","date_gmt":"2021-03-15T17:38:02","guid":{"rendered":"https:\/\/apus.uno\/?page_id=433"},"modified":"2021-03-15T17:38:02","modified_gmt":"2021-03-15T17:38:02","slug":"politica-de-cookies","status":"publish","type":"page","link":"https:\/\/apus.uno\/index.php\/politica-de-cookies\/","title":{"rendered":"politica de cookies"},"content":{"rendered":"<div id=\"tdi_1\" class=\"tdc-row\"><div class=\"vc_row tdi_2  wpb_row td-pb-row\" >\n<style scoped>\n\/* custom css - generated by TagDiv Composer *\/\n\n\/* custom css - generated by TagDiv Composer *\/\n\/* custom css - generated by TagDiv Composer *\/\n.tdi_2,\r\n                .tdi_2 .tdc-columns{\r\n                    min-height: 0;\r\n                }.tdi_2,\r\n\t\t\t\t.tdi_2 .tdc-columns{\r\n\t\t\t\t    display: block;\r\n\t\t\t\t}.tdi_2 .tdc-columns{\r\n\t\t\t\t    width: 100%;\r\n\t\t\t\t}\n<\/style><div class=\"vc_column tdi_4  wpb_column vc_column_container tdc-column td-pb-span12\">\n<style scoped>\n\/* custom css - generated by TagDiv Composer *\/\n\n\/* custom css - generated by TagDiv Composer *\/\n\/* custom css - generated by TagDiv Composer *\/\n.tdi_4{\r\n                    vertical-align: baseline;\r\n                }.tdi_4 > .wpb_wrapper,\r\n\t\t\t\t.tdi_4 > .wpb_wrapper > .tdc-elements{\r\n\t\t\t\t    display: block;\r\n\t\t\t\t}.tdi_4 > .wpb_wrapper > .tdc-elements{\r\n\t\t\t\t    width: 100%;\r\n\t\t\t\t}.tdi_4 > .wpb_wrapper > .vc_row_inner{\r\n\t\t\t\t    width: auto;\r\n\t\t\t\t}.tdi_4 > .wpb_wrapper{\r\n\t\t\t\t    width: auto;\r\n\t\t\t\t    height: auto;\r\n\t\t\t\t}\n<\/style><div class=\"wpb_wrapper\" >[vc_single_image image=\u00bb434&#8243; img_size=\u00bbfull\u00bb]<\/div><\/div><\/div><\/div><div id=\"tdi_5\" class=\"tdc-row\"><div class=\"vc_row tdi_6  wpb_row td-pb-row\" >\n<style scoped>\n\/* custom css - generated by TagDiv Composer *\/\n\n\/* custom css - generated by TagDiv Composer *\/\n\/* custom css - generated by TagDiv Composer *\/\n.tdi_6,\r\n                .tdi_6 .tdc-columns{\r\n                    min-height: 0;\r\n                }.tdi_6,\r\n\t\t\t\t.tdi_6 .tdc-columns{\r\n\t\t\t\t    display: block;\r\n\t\t\t\t}.tdi_6 .tdc-columns{\r\n\t\t\t\t    width: 100%;\r\n\t\t\t\t}\n<\/style><div class=\"vc_column tdi_8  wpb_column vc_column_container tdc-column td-pb-span12\">\n<style scoped>\n\/* custom css - generated by TagDiv Composer *\/\n\n\/* custom css - generated by TagDiv Composer *\/\n\/* custom css - generated by TagDiv Composer *\/\n.tdi_8{\r\n                    vertical-align: baseline;\r\n                }.tdi_8 > .wpb_wrapper,\r\n\t\t\t\t.tdi_8 > .wpb_wrapper > .tdc-elements{\r\n\t\t\t\t    display: block;\r\n\t\t\t\t}.tdi_8 > .wpb_wrapper > .tdc-elements{\r\n\t\t\t\t    width: 100%;\r\n\t\t\t\t}.tdi_8 > .wpb_wrapper > .vc_row_inner{\r\n\t\t\t\t    width: auto;\r\n\t\t\t\t}.tdi_8 > .wpb_wrapper{\r\n\t\t\t\t    width: auto;\r\n\t\t\t\t    height: auto;\r\n\t\t\t\t}\n<\/style><div class=\"wpb_wrapper\" >[vc_column_text]\r\n<h1 style=\"text-align: center;\">\u00bfQu\u00e9 son las cookies?<\/h1>\r\nUna cookie es un fichero que se descarga en su ordenador al acceder a determinadas p\u00e1ginas web. Las cookies permiten a una p\u00e1gina web, entre otras cosas, almacenar y recuperar informaci\u00f3n sobre los h\u00e1bitos de navegaci\u00f3n de un usuario o de su equipo y, dependiendo de la informaci\u00f3n que contengan y de la forma en que utilice su equipo, pueden utilizarse para reconocer al usuario.\r\n\r\n&nbsp;\r\n<h2 style=\"text-align: center;\">\u00bfQu\u00e9 tipos de cookies utiliza esta p\u00e1gina web?<\/h2>\r\nAPUS ASESORES. utiliza los siguientes tipos de cookies:\r\n<ul>\r\n \t<li><strong>Cookies de an\u00e1lisis <\/strong>para el seguimiento y an\u00e1lisis estad\u00edstico del comportamiento del conjunto de los usuarios. Si se desactivan estas cookies, el sitio web podr\u00e1 seguir funcionando, sin perjuicio de que la informaci\u00f3n captada por estas cookies sobre el uso de nuestra web y sobre su contenido permite mejorar nuestros servicios.<\/li>\r\n \t<li><strong>Cookies t\u00e9cnicos <\/strong>o de configuraci\u00f3n del navegador (cookies Accepted, Sharethis, cookies Accepted) necesarios o convenientes para la prestaci\u00f3n de determinados servicios. Si se desactivan estas cookies, no podr\u00e1 recibir correctamente los contenidos del sitio web.<\/li>\r\n \t<li><strong>Cookies de redes sociales<\/strong> <strong>externas<\/strong>, se utilizan para que los visitantes puedan interactuar con el contenido de diferentes plataformas sociales (Facebook, YouTube, Twitter, LinkedIn, etc.) y que se generan \u00fanicamente para los usuarios de dichas redes sociales. Las condiciones de utilizaci\u00f3n de estas cookies y la informaci\u00f3n recopilada se regula por la pol\u00edtica de privacidad de la plataforma social correspondiente.<\/li>\r\n \t<li><strong>Cookies de personalizaci\u00f3n:<\/strong> Son aquellos que permiten al usuario acceder al servicio con algunas caracter\u00edsticas de car\u00e1cter general predefinidas en funci\u00f3n de una serie de criterios en el terminal del usuario como por ejemplo serian el idioma o el tipo de navegador a trav\u00e9s del cual se conecta al servicio.<\/li>\r\n \t<li><strong>Cookies publicitarios:<\/strong> Son aqu\u00e9llos que, bien tratados por esta web o por terceros, permiten gestionar de la forma m\u00e1s eficaz posible la oferta de los espacios publicitarios que hay en la p\u00e1gina web, adecuando el contenido del anuncio al contenido del servicio solicitado o al uso que realice de nuestra p\u00e1gina web. Para ello podemos analizar sus h\u00e1bitos de navegaci\u00f3n en Internet y podemos mostrarle publicidad relacionada con su perfil de navegaci\u00f3n.<\/li>\r\n \t<li><strong>Cookies de publicidad comportamental:<\/strong> Son aquellos que permiten la gesti\u00f3n, de la forma m\u00e1s eficaz posible, de los espacios publicitarios que, en su caso, el editor haya incluido en una p\u00e1gina web, aplicaci\u00f3n o plataforma desde la que presta el servicio solicitado. Este tipo de cookies almacenan informaci\u00f3n del comportamiento de los visitantes obtenida a trav\u00e9s de la observaci\u00f3n continuada de sus h\u00e1bitos de navegaci\u00f3n, lo que permite desarrollar un perfil espec\u00edfico para mostrar avisos publicitarios en funci\u00f3n del mismo.<\/li>\r\n<\/ul>\r\n<h2 style=\"text-align: center;\">\u00bfC\u00f3mo puede administrar las cookies en su navegador web?<\/h2>\r\nLa mayor\u00eda de ordenadores aceptan la utilizaci\u00f3n de cookies autom\u00e1ticamente. Sin embargo, el usuario tiene la posibilidad de decidir si mantiene las cookies habilitadas o no en su ordenador. El hecho de deshabilitar las cookies puede implicar la p\u00e9rdida de funcionamiento de la p\u00e1gina Web quedando inhabilitadas algunas de las caracter\u00edsticas o servicios prestados por la misma. Sin embargo, incluso habiendo desactivado todas las cookies el navegador Web recoge determinada informaci\u00f3n esencial para el funcionamiento b\u00e1sico de la P\u00e1gina Web.\r\n\r\nEl usuario que quiera deshabilitar las cookies puede hacerlo desde la secci\u00f3n de preferencias de su navegador de Internet. Dependiendo del navegador deber\u00e1 de seguir determinados pasos para modificar la configuraci\u00f3n de las cookies en su ordenador.\r\n\r\nPuede permitir, bloquear o eliminar las cookies instaladas en su equipo mediante la configuraci\u00f3n de las opciones del navegador instalado en su ordenador.\r\n\r\n&nbsp;\r\n<h2 style=\"text-align: center;\">Cookies de terceros<\/h2>\r\n<a href=\"https:\/\/developers.google.com\/analytics\/devguides\/collection\/analyticsjs\/cookie-usage?hl=es&amp;csw=1\">Google Analytics<\/a> es un ejemplo de cookies de terceros. Google Analytics es un servicio anal\u00edtico de web prestado por Google, Inc., una compa\u00f1\u00eda de Delaware cuya oficina principal est\u00e1 en 1600 Amphitheatre Parkway, Mountain View (California), CA 94043, Estados Unidos (\u201cGoogle\u201d).\r\n\r\nGoogle Analytics utiliza \u201ccookies\u201d, que son archivos de texto ubicados en su ordenador, para ayudar al website a analizar el uso que hacen los usuarios del sitio web. La informaci\u00f3n que genera la cookie acerca de su uso del website ser\u00e1 directamente transmitida y archivada por los servidores de Google. Google usar\u00e1 esta informaci\u00f3n por cuenta nuestra con el prop\u00f3sito analizar el uso de nuestra p\u00e1gina web, recopilando informes de la actividad de la p\u00e1gina web como por ejemplo n\u00famero de visitas o secciones m\u00e1s visitadas.\r\n\r\nGoogle podr\u00e1 transmitir dicha informaci\u00f3n a terceros cuando as\u00ed se lo requiera la legislaci\u00f3n, o cuando dichos terceros procesen la informaci\u00f3n por cuenta de Google. Google no asociar\u00e1 su direcci\u00f3n IP con ning\u00fan otro dato del que disponga Google. Puede Usted rechazar el tratamiento de los datos o la informaci\u00f3n rechazando el uso de cookies mediante la selecci\u00f3n de la configuraci\u00f3n apropiada de su navegador, sin embargo, debe Usted saber que si lo hace puede ser que no pueda usar la plena funcionabilidad de esta p\u00e1gina web.\r\n\r\nAl utilizar esta p\u00e1gina web, usted consiente el tratamiento de informaci\u00f3n por parte de Google en la forma y para los fines arriba indicados.\r\n\r\n&nbsp;\r\n<h2 style=\"text-align: center;\">Advertencia sobre eliminar cookies.<\/h2>\r\nUsted puede eliminar y bloquear todas las cookies de este sitio, pero parte del sitio no funcionar\u00e1 o la calidad de la p\u00e1gina web puede verse afectada.\r\n\r\nSi tiene cualquier duda acerca de nuestra pol\u00edtica de cookies, puede contactar con esta p\u00e1gina web a trav\u00e9s de nuestros canales de Contacto.\r\n\r\n[\/vc_column_text]<\/div><\/div><\/div><\/div>","protected":false},"excerpt":{"rendered":"[vc_single_image image=\"434\" img_size=\"full\"] [vc_column_text] \u00bfQu\u00e9 son las cookies? Una cookie es un fichero que se descarga en su ordenador al acceder a determinadas p\u00e1ginas web. Las cookies permiten a una p\u00e1gina web, entre otras cosas, almacenar y recuperar informaci\u00f3n sobre los h\u00e1bitos de navegaci\u00f3n de un usuario o de su equipo y, dependiendo de la [...]","protected":false},"author":1,"featured_media":0,"parent":0,"menu_order":0,"comment_status":"closed","ping_status":"closed","template":"","meta":{"jetpack_post_was_ever_published":false,"tdm_status":"","tdm_grid_status":"","footnotes":""},"class_list":["post-433","page","type-page","status-publish"],"yoast_head":"<!-- This site is optimized with the Yoast SEO plugin v27.4 - https:\/\/yoast.com\/product\/yoast-seo-wordpress\/ -->\n<title>politica de cookies - APUS ASESORES<\/title>\n<meta name=\"robots\" content=\"index, follow, max-snippet:-1, max-image-preview:large, max-video-preview:-1\" \/>\n<link rel=\"canonical\" href=\"https:\/\/apus.uno\/index.php\/politica-de-cookies\/\" \/>\n<meta property=\"og:locale\" content=\"es_ES\" \/>\n<meta property=\"og:type\" content=\"article\" \/>\n<meta property=\"og:title\" content=\"politica de cookies - APUS ASESORES\" \/>\n<meta property=\"og:url\" content=\"https:\/\/apus.uno\/index.php\/politica-de-cookies\/\" \/>\n<meta property=\"og:site_name\" content=\"APUS ASESORES\" \/>\n<meta name=\"twitter:card\" content=\"summary_large_image\" \/>\n<meta name=\"twitter:label1\" content=\"Tiempo de lectura\" \/>\n\t<meta name=\"twitter:data1\" content=\"5 minutos\" \/>\n<script type=\"application\/ld+json\" class=\"yoast-schema-graph\">{\"@context\":\"https:\\\/\\\/schema.org\",\"@graph\":[{\"@type\":\"WebPage\",\"@id\":\"https:\\\/\\\/apus.uno\\\/index.php\\\/politica-de-cookies\\\/\",\"url\":\"https:\\\/\\\/apus.uno\\\/index.php\\\/politica-de-cookies\\\/\",\"name\":\"politica de cookies - APUS ASESORES\",\"isPartOf\":{\"@id\":\"https:\\\/\\\/apus.uno\\\/#website\"},\"datePublished\":\"2021-03-15T17:38:02+00:00\",\"breadcrumb\":{\"@id\":\"https:\\\/\\\/apus.uno\\\/index.php\\\/politica-de-cookies\\\/#breadcrumb\"},\"inLanguage\":\"es\",\"potentialAction\":[{\"@type\":\"ReadAction\",\"target\":[\"https:\\\/\\\/apus.uno\\\/index.php\\\/politica-de-cookies\\\/\"]}]},{\"@type\":\"BreadcrumbList\",\"@id\":\"https:\\\/\\\/apus.uno\\\/index.php\\\/politica-de-cookies\\\/#breadcrumb\",\"itemListElement\":[{\"@type\":\"ListItem\",\"position\":1,\"name\":\"Portada\",\"item\":\"https:\\\/\\\/apus.uno\\\/\"},{\"@type\":\"ListItem\",\"position\":2,\"name\":\"politica de cookies\"}]},{\"@type\":\"WebSite\",\"@id\":\"https:\\\/\\\/apus.uno\\\/#website\",\"url\":\"https:\\\/\\\/apus.uno\\\/\",\"name\":\"APUS ASESORES\",\"description\":\"\",\"publisher\":{\"@id\":\"https:\\\/\\\/apus.uno\\\/#organization\"},\"potentialAction\":[{\"@type\":\"SearchAction\",\"target\":{\"@type\":\"EntryPoint\",\"urlTemplate\":\"https:\\\/\\\/apus.uno\\\/?s={search_term_string}\"},\"query-input\":{\"@type\":\"PropertyValueSpecification\",\"valueRequired\":true,\"valueName\":\"search_term_string\"}}],\"inLanguage\":\"es\"},{\"@type\":\"Organization\",\"@id\":\"https:\\\/\\\/apus.uno\\\/#organization\",\"name\":\"APUS ASESORES\",\"url\":\"https:\\\/\\\/apus.uno\\\/\",\"logo\":{\"@type\":\"ImageObject\",\"inLanguage\":\"es\",\"@id\":\"https:\\\/\\\/apus.uno\\\/#\\\/schema\\\/logo\\\/image\\\/\",\"url\":\"https:\\\/\\\/i0.wp.com\\\/apus.uno\\\/wp-content\\\/uploads\\\/2022\\\/01\\\/cropped-Apus-asesores-logo.jpg?fit=89%2C49&ssl=1\",\"contentUrl\":\"https:\\\/\\\/i0.wp.com\\\/apus.uno\\\/wp-content\\\/uploads\\\/2022\\\/01\\\/cropped-Apus-asesores-logo.jpg?fit=89%2C49&ssl=1\",\"width\":89,\"height\":49,\"caption\":\"APUS ASESORES\"},\"image\":{\"@id\":\"https:\\\/\\\/apus.uno\\\/#\\\/schema\\\/logo\\\/image\\\/\"}}]}<\/script>\n<!-- \/ Yoast SEO plugin. -->","yoast_head_json":{"title":"politica de cookies - APUS ASESORES","robots":{"index":"index","follow":"follow","max-snippet":"max-snippet:-1","max-image-preview":"max-image-preview:large","max-video-preview":"max-video-preview:-1"},"canonical":"https:\/\/apus.uno\/index.php\/politica-de-cookies\/","og_locale":"es_ES","og_type":"article","og_title":"politica de cookies - APUS ASESORES","og_url":"https:\/\/apus.uno\/index.php\/politica-de-cookies\/","og_site_name":"APUS ASESORES","twitter_card":"summary_large_image","twitter_misc":{"Tiempo de lectura":"5 minutos"},"schema":{"@context":"https:\/\/schema.org","@graph":[{"@type":"WebPage","@id":"https:\/\/apus.uno\/index.php\/politica-de-cookies\/","url":"https:\/\/apus.uno\/index.php\/politica-de-cookies\/","name":"politica de cookies - APUS ASESORES","isPartOf":{"@id":"https:\/\/apus.uno\/#website"},"datePublished":"2021-03-15T17:38:02+00:00","breadcrumb":{"@id":"https:\/\/apus.uno\/index.php\/politica-de-cookies\/#breadcrumb"},"inLanguage":"es","potentialAction":[{"@type":"ReadAction","target":["https:\/\/apus.uno\/index.php\/politica-de-cookies\/"]}]},{"@type":"BreadcrumbList","@id":"https:\/\/apus.uno\/index.php\/politica-de-cookies\/#breadcrumb","itemListElement":[{"@type":"ListItem","position":1,"name":"Portada","item":"https:\/\/apus.uno\/"},{"@type":"ListItem","position":2,"name":"politica de cookies"}]},{"@type":"WebSite","@id":"https:\/\/apus.uno\/#website","url":"https:\/\/apus.uno\/","name":"APUS ASESORES","description":"","publisher":{"@id":"https:\/\/apus.uno\/#organization"},"potentialAction":[{"@type":"SearchAction","target":{"@type":"EntryPoint","urlTemplate":"https:\/\/apus.uno\/?s={search_term_string}"},"query-input":{"@type":"PropertyValueSpecification","valueRequired":true,"valueName":"search_term_string"}}],"inLanguage":"es"},{"@type":"Organization","@id":"https:\/\/apus.uno\/#organization","name":"APUS ASESORES","url":"https:\/\/apus.uno\/","logo":{"@type":"ImageObject","inLanguage":"es","@id":"https:\/\/apus.uno\/#\/schema\/logo\/image\/","url":"https:\/\/i0.wp.com\/apus.uno\/wp-content\/uploads\/2022\/01\/cropped-Apus-asesores-logo.jpg?fit=89%2C49&ssl=1","contentUrl":"https:\/\/i0.wp.com\/apus.uno\/wp-content\/uploads\/2022\/01\/cropped-Apus-asesores-logo.jpg?fit=89%2C49&ssl=1","width":89,"height":49,"caption":"APUS ASESORES"},"image":{"@id":"https:\/\/apus.uno\/#\/schema\/logo\/image\/"}}]}},"jetpack_sharing_enabled":true,"jetpack_likes_enabled":true,"jetpack-related-posts":[],"post_mailing_queue_ids":[],"_links":{"self":[{"href":"https:\/\/apus.uno\/index.php\/wp-json\/wp\/v2\/pages\/433","targetHints":{"allow":["GET"]}}],"collection":[{"href":"https:\/\/apus.uno\/index.php\/wp-json\/wp\/v2\/pages"}],"about":[{"href":"https:\/\/apus.uno\/index.php\/wp-json\/wp\/v2\/types\/page"}],"author":[{"embeddable":true,"href":"https:\/\/apus.uno\/index.php\/wp-json\/wp\/v2\/users\/1"}],"replies":[{"embeddable":true,"href":"https:\/\/apus.uno\/index.php\/wp-json\/wp\/v2\/comments?post=433"}],"version-history":[{"count":1,"href":"https:\/\/apus.uno\/index.php\/wp-json\/wp\/v2\/pages\/433\/revisions"}],"predecessor-version":[{"id":435,"href":"https:\/\/apus.uno\/index.php\/wp-json\/wp\/v2\/pages\/433\/revisions\/435"}],"wp:attachment":[{"href":"https:\/\/apus.uno\/index.php\/wp-json\/wp\/v2\/media?parent=433"}],"curies":[{"name":"wp","href":"https:\/\/api.w.org\/{rel}","templated":true}]}}